{"id":147,"date":"2022-08-07T16:53:45","date_gmt":"2022-08-07T14:53:45","guid":{"rendered":"https:\/\/wp.ladralha.fr\/?page_id=147"},"modified":"2022-09-28T11:44:29","modified_gmt":"2022-09-28T09:44:29","slug":"rando-dimanche-5-juin-2022","status":"publish","type":"page","link":"https:\/\/wp.ladralha.fr\/index.php\/rando-dimanche-5-juin-2022\/","title":{"rendered":"Fiche Rando Dimanche 5 juin 2022"},"content":{"rendered":"\n<p><strong>Saint Bonnet du Gard<br>Le Pont du Gard<\/strong><\/p>\n\n\n\n<figure class=\"wp-block-table is-style-stripes\"><table><tbody><tr><td><strong>Animate<\/strong><strong>u<\/strong><strong>r<\/strong>&nbsp;:<\/td><td>Val\u00e9rie Ackermann (( 06 98 17 82 28)<\/td><\/tr><tr><td><strong>Distance<\/strong>&nbsp;:<\/td><td>15,5 km<\/td><\/tr><tr><td><strong>D\u00e9nivel\u00e9 <\/strong><strong>positif cumul\u00e9<\/strong>&nbsp;:<\/td><td>360 m<\/td><\/tr><tr><td><strong>Temps de marche<\/strong>&nbsp;:<\/td><td>5 heures<\/td><\/tr><tr><td><strong>Difficult<\/strong><strong>\u00e9 *&nbsp;<\/strong>:<\/td><td><br>IBP index <strong>52<\/strong> Effort <img loading=\"lazy\" decoding=\"async\" src=\"\" width=\"47\" height=\"47\"> peu difficile Technicit\u00e9 <img loading=\"lazy\" decoding=\"async\" src=\"\" width=\"47\" height=\"47\"> peu difficile Risque <img loading=\"lazy\" decoding=\"async\" src=\"\" width=\"47\" height=\"47\"> assez faible <em>Nous empruntons quelques chemins caillouteux. Pr\u00e9voir des chaussures adapt\u00e9es. Pensez \u00e0 prendre de l\u2019eau en suffisance (il fait tr\u00e8s chaud) et votre appareil photo&nbsp;!<\/em>(ne pas h\u00e9siter \u00e0 t\u00e9l\u00e9phoner \u00e0 l\u2019animateur pour plus d\u2019info).<\/td><\/tr><tr><td><strong>Rende<\/strong><strong>z-vous<\/strong>&nbsp;:<\/td><td><strong>7<\/strong><strong>h<\/strong><strong>45<\/strong><strong>Parking <\/strong><strong>Hyper U<\/strong><strong> Clermont l\u2019H<\/strong><strong>\u00e9rau<\/strong><strong>lt<\/strong> (c\u00f4t\u00e9 MacDo) D\u00e9part&nbsp;: 8h (1h30 de route) Contacter l\u2019animateur pour autre lieu de rendez vous<\/td><\/tr><tr><td><strong>Participation co-voiturage<\/strong>&nbsp;:<\/td><td>12\u20ac\/pers, \u00e0 donner au chauffeur (pr\u00e9voir l\u2019appoint). Le p\u00e9age est \u00e0 la charge du chauffeur,<\/td><\/tr><\/tbody><\/table><\/figure>\n\n\n\n<p>Pour cette randonn\u00e9e, nous avons le plaisir d\u2019accueillir le club des \u00ab&nbsp;randonneurs gangeois&nbsp;\u00bb.<\/p>\n\n\n\n<p>* La difficult\u00e9 est appr\u00e9ci\u00e9e en suivant la cotation de la FFR &#8211; [<a href=\"http:\/\/www.ffrandonnee.fr\/_241\/cotation-de-randonnees-pedestres.aspx\">Plus d&#8217;infos sur le syst\u00e8me de cotation<\/a>], [<a href=\"https:\/\/www.ffrandonnee.fr\/Media\/Default\/Documents\/randonner\/Guide-cotation-ffrandonnee-2020.pdf\" target=\"_blank\" rel=\"noreferrer noopener\">T\u00e9l\u00e9charger le guide de la cotation<\/a>]. Le crit\u00e8re d\u2019effort est calcul\u00e9 pour une personne moyennement entra\u00een\u00e9e&nbsp;; si vous pensez appartenir \u00e0 une autre cat\u00e9gorie, consultez les \u00ab&nbsp;Questions\/r\u00e9ponses&nbsp;\u00bb du site (cat\u00e9gorie randonn\u00e9es) [<a href=\"https:\/\/www.ladralha.fr\/faq.php?lng=fr\">ICI<\/a>].<\/p>\n\n\n\n<p>= = = = = = = = = = = = = = = = = = = = = = =<\/p>\n\n\n\n<p>Nous partons du joli petit village de St Bonnet-du-Gard. Apr\u00e8s avoir travers\u00e9 quelques vignes, nous grimpons rapidement pour franchir une barre rocheuse et arriver sur le plateau. La vue d\u00e9gag\u00e9e nous permet d\u2019apercevoir le Mont Ventoux et le Mont Bouquet. Le chant des oiseaux laisse place au son des motos et voitures venant s\u2019entra\u00eener sur le circuit de Ledenon.<\/p>\n\n\n\n<p>A l\u2019approche de l\u2019aqueduc, des vestiges apparaissent. Nous d\u00e9couvrons le Pont du Gard et traversons la rivi\u00e8re \u00e0 ses pieds. Saurez-vous apercevoir les graffitis des tacherons&nbsp;?<\/p>\n\n\n\n<p>Apr\u00e8s la remont\u00e9e sur l\u2019autre versant, une magnifique surprise vous attend : un panorama sur le pont et la vall\u00e9e du Gardon. Nous cheminons le long des vestiges de l\u2019aqueduc, puis sur des petites routes goudronn\u00e9es nous menant au village de Vers-Pont-du Gard. Rep\u00e9rez les diff\u00e9rentes traces des inondations de 2002. Attention \u00e0 la travers\u00e9e de la route D981 (Remoulins-Uz\u00e8s) qui est dangereuse !!! Nous remarquons les beaux lavoirs de ce village o\u00f9 une jolie place ombrag\u00e9e nous attend pour d\u00e9jeuner.<\/p>\n\n\n\n<p>Nous reprenons notre chemin le long des vestiges de l\u2018aqueduc jusqu\u2019au Pont romain, que nous traversons de nouveau. La remont\u00e9e sur l\u2019autre rive se fait par une s\u00e9rie d\u2019escaliers un peu raides, au plus pr\u00e8s du pont. Nous dominons de nouveau le pont et sa canalisation.<\/p>\n\n\n\n<p>Apr\u00e8s la descente dans la combe, le chemin serpente dans la for\u00eat en remontant vers la barre rocheuse. Ecoutez les rossignols Philom\u00e8les, les pinsons des arbres et les m\u00e9sanges. Nous redescendons tranquillement, au travers de la garrigue, jusqu\u2019\u00e0 St Bonnet-du-Gard.<\/p>\n","protected":false},"excerpt":{"rendered":"<p>Saint Bonnet du GardLe Pont du Gard Animateur&nbsp;: Val\u00e9rie Ackermann (( 06 98 17 82 28) Distance&nbsp;: 15,5 km D\u00e9nivel\u00e9 positif cumul\u00e9&nbsp;: 360 m Temps de marche&nbsp;: 5 heures Difficult\u00e9 *&nbsp;: IBP index 52 Effort peu difficile Technicit\u00e9 peu difficile Risque assez faible Nous empruntons quelques chemins caillouteux. Pr\u00e9voir des chaussures adapt\u00e9es. Pensez \u00e0 prendre [&hellip;]<\/p>\n","protected":false},"author":1,"featured_media":0,"parent":0,"menu_order":0,"comment_status":"closed","ping_status":"closed","template":"","meta":{"_bbp_topic_count":0,"_bbp_reply_count":0,"_bbp_total_topic_count":0,"_bbp_total_reply_count":0,"_bbp_voice_count":0,"_bbp_anonymous_reply_count":0,"_bbp_topic_count_hidden":0,"_bbp_reply_count_hidden":0,"_bbp_forum_subforum_count":0,"footnotes":""},"class_list":["post-147","page","type-page","status-publish","hentry","entry"],"_links":{"self":[{"href":"https:\/\/wp.ladralha.fr\/index.php\/wp-json\/wp\/v2\/pages\/147","targetHints":{"allow":["GET"]}}],"collection":[{"href":"https:\/\/wp.ladralha.fr\/index.php\/wp-json\/wp\/v2\/pages"}],"about":[{"href":"https:\/\/wp.ladralha.fr\/index.php\/wp-json\/wp\/v2\/types\/page"}],"author":[{"embeddable":true,"href":"https:\/\/wp.ladralha.fr\/index.php\/wp-json\/wp\/v2\/users\/1"}],"replies":[{"embeddable":true,"href":"https:\/\/wp.ladralha.fr\/index.php\/wp-json\/wp\/v2\/comments?post=147"}],"version-history":[{"count":2,"href":"https:\/\/wp.ladralha.fr\/index.php\/wp-json\/wp\/v2\/pages\/147\/revisions"}],"predecessor-version":[{"id":520,"href":"https:\/\/wp.ladralha.fr\/index.php\/wp-json\/wp\/v2\/pages\/147\/revisions\/520"}],"wp:attachment":[{"href":"https:\/\/wp.ladralha.fr\/index.php\/wp-json\/wp\/v2\/media?parent=147"}],"curies":[{"name":"wp","href":"https:\/\/api.w.org\/{rel}","templated":true}]}}