{"id":166,"date":"2022-08-08T18:51:45","date_gmt":"2022-08-08T16:51:45","guid":{"rendered":"https:\/\/wp.ladralha.fr\/?page_id=166"},"modified":"2022-08-30T15:31:06","modified_gmt":"2022-08-30T13:31:06","slug":"pont-du-gard-5-juin-2022","status":"publish","type":"page","link":"https:\/\/wp.ladralha.fr\/index.php\/pont-du-gard-5-juin-2022\/","title":{"rendered":"Compte-rendu rando &#8211; 20220605 &#8211; Pont du Gard"},"content":{"rendered":"\t\t<div data-elementor-type=\"wp-page\" data-elementor-id=\"166\" class=\"elementor elementor-166\">\n\t\t\t\t\t\t<div class=\"elementor-inner\">\n\t\t\t\t<div class=\"elementor-section-wrap\">\n\t\t\t\t\t\t\t\t\t<section class=\"elementor-section elementor-top-section elementor-element elementor-element-38f6c46f elementor-section-boxed elementor-section-height-default elementor-section-height-default\" data-id=\"38f6c46f\" data-element_type=\"section\">\n\t\t\t\t\t\t<div class=\"elementor-container elementor-column-gap-default\">\n\t\t\t\t\t\t\t<div class=\"elementor-row\">\n\t\t\t\t\t<div class=\"elementor-column elementor-col-100 elementor-top-column elementor-element elementor-element-6556f5e8\" data-id=\"6556f5e8\" data-element_type=\"column\">\n\t\t\t<div class=\"elementor-column-wrap elementor-element-populated\">\n\t\t\t\t\t\t\t<div class=\"elementor-widget-wrap\">\n\t\t\t\t\t\t<div class=\"elementor-element elementor-element-3ff7820 elementor-widget elementor-widget-text-editor\" data-id=\"3ff7820\" data-element_type=\"widget\" data-widget_type=\"text-editor.default\">\n\t\t\t\t<div class=\"elementor-widget-container\">\n\t\t\t\t\t\t\t\t<div class=\"elementor-text-editor elementor-clearfix\">\n\t\t\t\t<!-- wp:columns -->\n<div class=\"wp-block-columns\"><!-- wp:column {\"width\":\"100%\"} -->\n<div class=\"wp-block-column\" style=\"flex-basis: 100%;\">\u00a0<\/div>\n<!-- \/wp:column --><\/div>\n<!-- \/wp:columns --><!-- wp:separator --><hr class=\"wp-block-separator has-alpha-channel-opacity\" \/><!-- \/wp:separator --><!-- wp:columns -->\n<div class=\"wp-block-columns\"><!-- wp:column {\"width\":\"33.33%\"} -->\n<div class=\"wp-block-column\" style=\"flex-basis: 33.33%;\"><!-- wp:table {\"className\":\"is-style-stripes\"} -->\n<figure class=\"wp-block-table is-style-stripes\">\n<table>\n<tbody>\n<tr>\n<td>\u00a0<\/td>\n<td>\u00a0<\/td>\n<\/tr>\n<tr>\n<td>\u00a0<\/td>\n<td>\u00a0<\/td>\n<\/tr>\n<tr>\n<td>Lieu :<\/td>\n<td>Pont du Gard<\/td>\n<\/tr>\n<tr>\n<td>Date :<\/td>\n<td>5 juin 2022<\/td>\n<\/tr>\n<tr>\n<td>Responsable :<\/td>\n<td>Val\u00e9rie Ackermann<\/td>\n<\/tr>\n<tr>\n<td>participants :<\/td>\n<td>7+6<\/td>\n<\/tr>\n<\/tbody>\n<\/table>\n<\/figure>\n<!-- \/wp:table --><\/div>\n<!-- \/wp:column --><!-- wp:column {\"width\":\"66.66%\"} -->\n<div class=\"wp-block-column\" style=\"flex-basis: 66.66%;\"><!-- wp:image {\"id\":210,\"sizeSlug\":\"large\",\"linkDestination\":\"none\"} -->\n<figure class=\"wp-block-image size-large\"><img data-dominant-color=\"848b77\" data-has-transparency=\"false\" style=\"--dominant-color: #848b77;\" loading=\"lazy\" decoding=\"async\" width=\"1024\" height=\"682\" class=\"not-transparent wp-image-210\" src=\"https:\/\/wp.ladralha.fr\/wp-content\/uploads\/2022\/08\/2021_pontdugard_20220605-101548-1024x682.jpg\" alt=\"\" srcset=\"https:\/\/wp.ladralha.fr\/wp-content\/uploads\/2022\/08\/2021_pontdugard_20220605-101548-1024x682.jpg 1024w, https:\/\/wp.ladralha.fr\/wp-content\/uploads\/2022\/08\/2021_pontdugard_20220605-101548-300x200.jpg 300w, https:\/\/wp.ladralha.fr\/wp-content\/uploads\/2022\/08\/2021_pontdugard_20220605-101548-768x512.jpg 768w, https:\/\/wp.ladralha.fr\/wp-content\/uploads\/2022\/08\/2021_pontdugard_20220605-101548.jpg 1280w\" sizes=\"auto, (max-width: 1024px) 100vw, 1024px\" \/><\/figure>\n<!-- \/wp:image --><\/div>\n<!-- \/wp:column --><\/div>\n<!-- \/wp:columns --><!-- wp:paragraph -->\n<p>Notre petit groupe de clermontais retrouve les 6 randonneurs gangeois \u00e0 St Bonnet du Gard. Les sourires sont sur tous les visages. Le courant est pass\u00e9 tout de suite. Une belle journ\u00e9e s\u2019annonce ! mais nous allons avoir chaud.<\/p>\n<!-- \/wp:paragraph --><!-- wp:paragraph -->\n<p>Le chemin nous emm\u00e8ne vers des points de vue insolites sur le Pont du Gard, le long de l\u2019aqueduc ruin\u00e9. Nous remarquons r\u00e9guli\u00e8rement des morceaux de canalisations. Tout le monde est \u00e9merveill\u00e9 par le travail titanesque des romains.<\/p>\n<!-- \/wp:paragraph --><!-- wp:paragraph -->\n<p>Nous d\u00e9jeunons tranquillement sur la place ombrag\u00e9e de Vers-Pont-du-Gard. Une petite brise, un peu de vin d\u2019orange et de vin rouge, des \u00e9changes de saucissons et de bonnes paroles : c\u2019est encore un repas tr\u00e8s convivial.<\/p>\n<!-- \/wp:paragraph --><!-- wp:paragraph -->\n<p>La seconde travers\u00e9e du pont est moins ais\u00e9e. Une foule importante fl\u00e2ne sur le pont et les berges sont pleines de baigneurs. Difficile de ne pas se perdre. Je n\u2019ai jamais autant compt\u00e9 de fois les randonneurs qu\u2019aujourd\u2019hui\u2026<\/p>\n<!-- \/wp:paragraph --><!-- wp:paragraph -->\n<p>Nous quittons le pont et remontons dans la for\u00eat qui nous \u00e9vite de trop souffrir de la chaleur. Les Rossignols nous accueillent avec un magnifique concert.<\/p>\n<!-- \/wp:paragraph --><!-- wp:paragraph -->\n<p>Et derni\u00e8re surprise : vers le parking, des asperseurs arrosent un jardin et notre chemin. Tous les participants appr\u00e9cient cette douche improvis\u00e9e. D\u00e9cid\u00e9ment, tout est pr\u00e9vu !<\/p>\n<!-- \/wp:paragraph --><!-- wp:paragraph -->\n<p>Nous terminons cette journ\u00e9e conviviale par un go\u00fbter partag\u00e9 avec boissons et g\u00e2teaux.Tout le monde est heureux. M\u00eame notre randonneuse \u00e0 l\u2019essai : elle signe pour l\u2019ann\u00e9e prochaine !<\/p>\n<!-- \/wp:paragraph -->\t\t\t\t\t<\/div>\n\t\t\t\t\t\t<\/div>\n\t\t\t\t<\/div>\n\t\t\t\t\t\t<\/div>\n\t\t\t\t\t<\/div>\n\t\t<\/div>\n\t\t\t\t\t\t\t\t<\/div>\n\t\t\t\t\t<\/div>\n\t\t<\/section>\n\t\t\t\t\t\t\t\t\t<\/div>\n\t\t\t<\/div>\n\t\t\t\t\t<\/div>\n\t\t","protected":false},"excerpt":{"rendered":"<p>\u00a0 \u00a0 \u00a0 \u00a0 \u00a0 Lieu : Pont du Gard Date : 5 juin 2022 Responsable : Val\u00e9rie Ackermann participants : 7+6 Notre petit groupe de clermontais retrouve les 6 randonneurs gangeois \u00e0 St Bonnet du Gard. Les sourires sont sur tous les visages. Le courant est pass\u00e9 tout de suite. Une belle journ\u00e9e s\u2019annonce [&hellip;]<\/p>\n","protected":false},"author":1,"featured_media":0,"parent":0,"menu_order":0,"comment_status":"closed","ping_status":"closed","template":"","meta":{"_bbp_topic_count":0,"_bbp_reply_count":0,"_bbp_total_topic_count":0,"_bbp_total_reply_count":0,"_bbp_voice_count":0,"_bbp_anonymous_reply_count":0,"_bbp_topic_count_hidden":0,"_bbp_reply_count_hidden":0,"_bbp_forum_subforum_count":0,"footnotes":""},"class_list":["post-166","page","type-page","status-publish","hentry","entry"],"_links":{"self":[{"href":"https:\/\/wp.ladralha.fr\/index.php\/wp-json\/wp\/v2\/pages\/166","targetHints":{"allow":["GET"]}}],"collection":[{"href":"https:\/\/wp.ladralha.fr\/index.php\/wp-json\/wp\/v2\/pages"}],"about":[{"href":"https:\/\/wp.ladralha.fr\/index.php\/wp-json\/wp\/v2\/types\/page"}],"author":[{"embeddable":true,"href":"https:\/\/wp.ladralha.fr\/index.php\/wp-json\/wp\/v2\/users\/1"}],"replies":[{"embeddable":true,"href":"https:\/\/wp.ladralha.fr\/index.php\/wp-json\/wp\/v2\/comments?post=166"}],"version-history":[{"count":13,"href":"https:\/\/wp.ladralha.fr\/index.php\/wp-json\/wp\/v2\/pages\/166\/revisions"}],"predecessor-version":[{"id":434,"href":"https:\/\/wp.ladralha.fr\/index.php\/wp-json\/wp\/v2\/pages\/166\/revisions\/434"}],"wp:attachment":[{"href":"https:\/\/wp.ladralha.fr\/index.php\/wp-json\/wp\/v2\/media?parent=166"}],"curies":[{"name":"wp","href":"https:\/\/api.w.org\/{rel}","templated":true}]}}