{"id":2,"date":"2022-07-31T18:21:30","date_gmt":"2022-07-31T16:21:30","guid":{"rendered":"http:\/\/wp.ladralha.fr\/?page_id=2"},"modified":"2022-08-11T18:43:26","modified_gmt":"2022-08-11T16:43:26","slug":"page-d-exemple","status":"publish","type":"page","link":"https:\/\/wp.ladralha.fr\/","title":{"rendered":"Bienvenue &#8230;"},"content":{"rendered":"<div class=\"wp-block-image\">\n<figure class=\"aligncenter size-full\"><img loading=\"lazy\" decoding=\"async\" width=\"1024\" height=\"242\" src=\"https:\/\/wp.ladralha.fr\/wp-content\/uploads\/2022\/08\/photo_dralha_02.jpg\" alt=\"\" class=\"wp-image-98\" srcset=\"https:\/\/wp.ladralha.fr\/wp-content\/uploads\/2022\/08\/photo_dralha_02.jpg 1024w, https:\/\/wp.ladralha.fr\/wp-content\/uploads\/2022\/08\/photo_dralha_02-300x71.jpg 300w, https:\/\/wp.ladralha.fr\/wp-content\/uploads\/2022\/08\/photo_dralha_02-768x182.jpg 768w\" sizes=\"auto, (max-width: 1024px) 100vw, 1024px\" \/><\/figure>\n<\/div>\n\n\n<p><strong>LA DRALHA<\/strong> (chemin en occitan) est une association 1901 dont le but&nbsp;est&nbsp;de proposer \u00e0 ses membres des&nbsp;<strong>randonn\u00e9es p\u00e9destres<\/strong>&nbsp;organis\u00e9es et encadr\u00e9es par les b\u00e9n\u00e9voles form\u00e9s de l\u2019association.<\/p>\n\n\n\n<p>D&#8217;autres activit\u00e9s telles que la marche nordique, l\u2019entretien et le balisage de chemins, l&#8217;initiation&nbsp;\u00e0 l\u2019organisation de randonn\u00e9es ainsi que toute autre activit\u00e9 de pleine nature peuvent \u00e9galement \u00eatre propos\u00e9es.<\/p>\n\n\n\n<p>Le lac du Salagou, le Caroux, les C\u00e9vennes, les Causses et Vall\u00e9es&#8230; sont nos terrains de jeux privil\u00e9gi\u00e9s.<\/p>\n\n\n\n<p>Si vous voulez nous rejoindre, les &#8220;<a href=\"https:\/\/www.ladralha.fr\/faq.php?lng=fr\" target=\"_blank\" rel=\"noreferrer noopener\">Questions\/r\u00e9ponses<\/a>&#8221;&nbsp; et les &#8220;<a href=\"https:\/\/www.ladralha.fr\/plugins\/infopratique\/inp-box.php?lng=fr\" target=\"_blank\" rel=\"noreferrer noopener\">Infos pratiques<\/a>&#8221; vous donneront des pr\u00e9cisions utiles, dans la cat\u00e9gorie &#8220;l&#8217;association&#8221;.<\/p>\n\n\n\n<p>En vous inscrivant \u00e0 la Lettre d&#8217;Information, vous recevrez nos publications, en particulier les annonces des randos.<\/p>\n","protected":false},"excerpt":{"rendered":"<p>LA DRALHA (chemin en occitan) est une association 1901 dont le but&nbsp;est&nbsp;de proposer \u00e0 ses membres des&nbsp;randonn\u00e9es p\u00e9destres&nbsp;organis\u00e9es et encadr\u00e9es par les b\u00e9n\u00e9voles form\u00e9s de l\u2019association. D&#8217;autres activit\u00e9s telles que la marche nordique, l\u2019entretien et le balisage de chemins, l&#8217;initiation&nbsp;\u00e0 l\u2019organisation de randonn\u00e9es ainsi que toute autre activit\u00e9 de pleine nature peuvent \u00e9galement \u00eatre propos\u00e9es. [&hellip;]<\/p>\n","protected":false},"author":1,"featured_media":0,"parent":0,"menu_order":0,"comment_status":"closed","ping_status":"open","template":"","meta":{"_bbp_topic_count":0,"_bbp_reply_count":0,"_bbp_total_topic_count":0,"_bbp_total_reply_count":0,"_bbp_voice_count":0,"_bbp_anonymous_reply_count":0,"_bbp_topic_count_hidden":0,"_bbp_reply_count_hidden":0,"_bbp_forum_subforum_count":0,"footnotes":""},"class_list":["post-2","page","type-page","status-publish","hentry","entry"],"_links":{"self":[{"href":"https:\/\/wp.ladralha.fr\/index.php\/wp-json\/wp\/v2\/pages\/2","targetHints":{"allow":["GET"]}}],"collection":[{"href":"https:\/\/wp.ladralha.fr\/index.php\/wp-json\/wp\/v2\/pages"}],"about":[{"href":"https:\/\/wp.ladralha.fr\/index.php\/wp-json\/wp\/v2\/types\/page"}],"author":[{"embeddable":true,"href":"https:\/\/wp.ladralha.fr\/index.php\/wp-json\/wp\/v2\/users\/1"}],"replies":[{"embeddable":true,"href":"https:\/\/wp.ladralha.fr\/index.php\/wp-json\/wp\/v2\/comments?post=2"}],"version-history":[{"count":2,"href":"https:\/\/wp.ladralha.fr\/index.php\/wp-json\/wp\/v2\/pages\/2\/revisions"}],"predecessor-version":[{"id":99,"href":"https:\/\/wp.ladralha.fr\/index.php\/wp-json\/wp\/v2\/pages\/2\/revisions\/99"}],"wp:attachment":[{"href":"https:\/\/wp.ladralha.fr\/index.php\/wp-json\/wp\/v2\/media?parent=2"}],"curies":[{"name":"wp","href":"https:\/\/api.w.org\/{rel}","templated":true}]}}