{"id":270,"date":"2022-08-18T18:31:17","date_gmt":"2022-08-18T16:31:17","guid":{"rendered":"https:\/\/wp.ladralha.fr\/?page_id=270"},"modified":"2022-08-18T18:31:19","modified_gmt":"2022-08-18T16:31:19","slug":"programme-debut-de-saison-2022-2023","status":"publish","type":"page","link":"https:\/\/wp.ladralha.fr\/index.php\/programme-debut-de-saison-2022-2023\/","title":{"rendered":"Programme d\u00e9but de saison 2022\/2023"},"content":{"rendered":"\n<p><em><u><strong>Marche Nordique<\/strong><\/u><\/em><em><strong> : Reprise \u00e0 partir du 10 Septembre &#8211; Rendez-vous tous les samedis matin de 9h \u00e0 12h<br><\/strong><\/em><em><strong>Martine LIGNON (06.19.79.75.39) &#8211; B\u00e9atrice SCHAEFER (06.72.71.92.04)<br>Initiation pr\u00e9vue sur les 2 premi\u00e8res s\u00e9ances.<br><\/strong><\/em><br><\/p>\n\n\n\n<p>Samedi 3 Septembre : 10h &#8211; 17h : Journ\u00e9e des Associations<br>18h30 : Assembl\u00e9e G\u00e9n\u00e9rale Salle Georges Brassens<\/p>\n\n\n\n<p>Dimanche 11 Septembre : OCTON \u2013 Notre-Dame de Roubignac \u2013 Dolmens de Toucou<br><em>(Alain BENEZET)<\/em><\/p>\n\n\n\n<p>Dimanche 25 Septembre <strong>:<\/strong> INAUGURATION du GRP EDLAS<br><em>(<\/em><em>Comit\u00e9 D\u00e9partemental de la Randonn\u00e9e P\u00e9destre de l\u2019H\u00e9rault)<\/em><\/p>\n\n\n\n<p>Dimanche 2 Octobre : LE CAYLAR &#8211; Rando soupe<br><em>(Cercle Occitan Lod\u00e8ve &#8211; Larzac Village d&#8217;Europe &#8211; Alain BENEZET)<\/em><\/p>\n\n\n\n<p>Dimanche 2 Octobre <strong>:<\/strong> LA SALVETAT sur AGOUT &#8211; F\u00eate d\u00e9partementale de la Randonn\u00e9e<br><em>(Comit\u00e9 D\u00e9partemental de la Randonn\u00e9e P\u00e9destre de l\u2019H\u00e9rault)<\/em><\/p>\n\n\n\n<p>Dimanche 9 Octobre : HAMEAU de LABEIL \u2013 Randonn\u00e9e caussenarde<br><em>(Monique MOULS)<\/em><\/p>\n\n\n\n<p>Samedi 15 Octobre <strong>:<\/strong> MONTPELLIER \u2013 Visite Th\u00e8me \u00ab&nbsp;Petites histoires et Anecdotes&nbsp;\u00bb<br><em>(Alain BENEZET)<\/em><\/p>\n\n\n\n<p>Dimanche 23 Octobre : CAZEDARNES \u2013 L&#8217;abbaye de Fontcaude<br><em>(Val\u00e9rie ACKERMANN)<\/em><\/p>\n\n\n\n<p>Dimanche 6 Novembre :FRAISSE sur AGOUT \u2013 Col de Fontfroide Mont du Sialassous<br><em>(G\u00e9rard FONTAINE)<\/em><\/p>\n\n\n\n<p>Dimanche 20 Novembre : PEYRE \u2013 Village troglodytique<br><em>(Jackie JOUCLA)<\/em><\/p>\n\n\n\n<p>Dimanche 4 D\u00e9cembre :FAUGERES \u2013 Les moulins de Faug\u00e8res<br><em>(<\/em><em>Val\u00e9rie ACKERMANN)<\/em><\/p>\n\n\n\n<p>Dimanche 11 D\u00e9cembre :BRISSAC \u2013 Berges de l&#8217;H\u00e9rault Moulin de Clauzel<br><em>(Claudine BARVAUX &amp; Monique MOULS)<\/em><\/p>\n\n\n\n<p>Dimanche 8 Janvier 2023 : MARGON \u2013 La galette des rois dans les Banastes<br><em>(<\/em><em>Val\u00e9rie ACKERMANN<\/em><em>)<br><\/em><br><\/p>\n\n\n\n<p><em><strong>Chez Val\u00e9rie ACKERMANN 53 avenue Raymond Lacombe 34800 Clermont l\u2019H\u00e9rault<br>Monique MOULS : 06-82-20-39-58 Val\u00e9rie ACKERMANN : 06-98-17-82-28<br><\/strong><\/em><em><u><strong>Adresse E-Mail<\/strong><\/u><\/em><em><strong> : <\/strong><\/em><a href=\"mailto:ladralha@hotmail.fr\"><em><strong>ladralha@hotmail.fr<\/strong><\/em><\/a><em><u><strong>Site Internet<\/strong><\/u><\/em><em><strong> : <\/strong><\/em><em><strong><a href=\"http:\/\/ladralha.fr\/\">http:\/\/ladralha.fr<\/a><br><\/strong><\/em><em><strong>Association Loi 1901 D\u00e9clar\u00e9e en sous pr\u00e9fecture le 30 juin 2004 N\u00b0 2686.<\/strong><\/em><\/p>\n","protected":false},"excerpt":{"rendered":"<p>Marche Nordique : Reprise \u00e0 partir du 10 Septembre &#8211; Rendez-vous tous les samedis matin de 9h \u00e0 12hMartine LIGNON (06.19.79.75.39) &#8211; B\u00e9atrice SCHAEFER (06.72.71.92.04)Initiation pr\u00e9vue sur les 2 premi\u00e8res s\u00e9ances. Samedi 3 Septembre : 10h &#8211; 17h : Journ\u00e9e des Associations18h30 : Assembl\u00e9e G\u00e9n\u00e9rale Salle Georges Brassens Dimanche 11 Septembre : OCTON \u2013 Notre-Dame [&hellip;]<\/p>\n","protected":false},"author":1,"featured_media":0,"parent":0,"menu_order":0,"comment_status":"closed","ping_status":"closed","template":"","meta":{"_bbp_topic_count":0,"_bbp_reply_count":0,"_bbp_total_topic_count":0,"_bbp_total_reply_count":0,"_bbp_voice_count":0,"_bbp_anonymous_reply_count":0,"_bbp_topic_count_hidden":0,"_bbp_reply_count_hidden":0,"_bbp_forum_subforum_count":0,"footnotes":""},"class_list":["post-270","page","type-page","status-publish","hentry","entry"],"_links":{"self":[{"href":"https:\/\/wp.ladralha.fr\/index.php\/wp-json\/wp\/v2\/pages\/270","targetHints":{"allow":["GET"]}}],"collection":[{"href":"https:\/\/wp.ladralha.fr\/index.php\/wp-json\/wp\/v2\/pages"}],"about":[{"href":"https:\/\/wp.ladralha.fr\/index.php\/wp-json\/wp\/v2\/types\/page"}],"author":[{"embeddable":true,"href":"https:\/\/wp.ladralha.fr\/index.php\/wp-json\/wp\/v2\/users\/1"}],"replies":[{"embeddable":true,"href":"https:\/\/wp.ladralha.fr\/index.php\/wp-json\/wp\/v2\/comments?post=270"}],"version-history":[{"count":1,"href":"https:\/\/wp.ladralha.fr\/index.php\/wp-json\/wp\/v2\/pages\/270\/revisions"}],"predecessor-version":[{"id":271,"href":"https:\/\/wp.ladralha.fr\/index.php\/wp-json\/wp\/v2\/pages\/270\/revisions\/271"}],"wp:attachment":[{"href":"https:\/\/wp.ladralha.fr\/index.php\/wp-json\/wp\/v2\/media?parent=270"}],"curies":[{"name":"wp","href":"https:\/\/api.w.org\/{rel}","templated":true}]}}