{"id":425,"date":"2022-08-30T15:22:03","date_gmt":"2022-08-30T13:22:03","guid":{"rendered":"https:\/\/wp.ladralha.fr\/?page_id=425"},"modified":"2022-09-23T18:11:47","modified_gmt":"2022-09-23T16:11:47","slug":"20220911-octon","status":"publish","type":"page","link":"https:\/\/wp.ladralha.fr\/index.php\/20220911-octon\/","title":{"rendered":"Compte-rendu rando &#8211; 20220911 &#8211; Octon"},"content":{"rendered":"\t\t<div data-elementor-type=\"wp-page\" data-elementor-id=\"425\" class=\"elementor elementor-425\">\n\t\t\t\t\t\t<div class=\"elementor-inner\">\n\t\t\t\t<div class=\"elementor-section-wrap\">\n\t\t\t\t\t\t\t\t\t<section class=\"elementor-section elementor-top-section elementor-element elementor-element-21dc598e elementor-section-boxed elementor-section-height-default elementor-section-height-default\" data-id=\"21dc598e\" data-element_type=\"section\">\n\t\t\t\t\t\t<div class=\"elementor-container elementor-column-gap-default\">\n\t\t\t\t\t\t\t<div class=\"elementor-row\">\n\t\t\t\t\t<div class=\"elementor-column elementor-col-100 elementor-top-column elementor-element elementor-element-6f6fe58e\" data-id=\"6f6fe58e\" data-element_type=\"column\">\n\t\t\t<div class=\"elementor-column-wrap elementor-element-populated\">\n\t\t\t\t\t\t\t<div class=\"elementor-widget-wrap\">\n\t\t\t\t\t\t<div class=\"elementor-element elementor-element-10bae81a elementor-widget elementor-widget-text-editor\" data-id=\"10bae81a\" data-element_type=\"widget\" data-widget_type=\"text-editor.default\">\n\t\t\t\t<div class=\"elementor-widget-container\">\n\t\t\t\t\t\t\t\t<div class=\"elementor-text-editor elementor-clearfix\">\n\t\t\t\t<p><!-- wp:columns --><!-- \/wp:columns --><\/p>\n<p><!-- wp:separator --><!-- \/wp:separator --><\/p>\n<p><!-- wp:columns --><\/p>\n<div class=\"wp-block-columns\">\n<p><!-- wp:column {\"width\":\"33.33%\"} --><\/p>\n<div class=\"wp-block-column\" style=\"flex-basis: 33.33%;\">\n<p><!-- wp:table {\"className\":\"is-style-stripes\"} --><\/p>\n<table>\n<tbody>\n<tr>\n<td>\u00a0<\/td>\n<td>\u00a0<\/td>\n<\/tr>\n<tr>\n<td>\u00a0<\/td>\n<td>\u00a0<\/td>\n<\/tr>\n<tr>\n<td>Lieu :<\/td>\n<td>Octon<\/td>\n<\/tr>\n<tr>\n<td>Date :<\/td>\n<td>11 septembre 2022<\/td>\n<\/tr>\n<tr>\n<td>Responsable :<\/td>\n<td>Alain Benezet<\/td>\n<\/tr>\n<tr>\n<td>participants :<\/td>\n<td>22<\/td>\n<\/tr>\n<\/tbody>\n<\/table>\n<p><!-- \/wp:table --><\/p>\n<\/div>\n<p><!-- \/wp:column --><\/p>\n<p><!-- wp:column {\"width\":\"66.66%\"} --><\/p>\n<div class=\"wp-block-column\" style=\"flex-basis: 66.66%;\">\n<p><!-- wp:image {\"id\":210,\"sizeSlug\":\"large\",\"linkDestination\":\"none\"} --><\/p>\n<figure class=\"wp-block-image size-large\">\n<figure id=\"attachment_513\" aria-describedby=\"caption-attachment-513\" style=\"width: 300px\" class=\"wp-caption alignnone\"><img data-dominant-color=\"88908c\" data-has-transparency=\"false\" style=\"--dominant-color: #88908c;\" loading=\"lazy\" decoding=\"async\" class=\"not-transparent wp-image-513 size-medium\" src=\"https:\/\/wp.ladralha.fr\/wp-content\/uploads\/2022\/09\/2023_octon_20220911_140743-300x225.jpg\" alt=\"\" width=\"300\" height=\"225\" srcset=\"https:\/\/wp.ladralha.fr\/wp-content\/uploads\/2022\/09\/2023_octon_20220911_140743-300x225.jpg 300w, https:\/\/wp.ladralha.fr\/wp-content\/uploads\/2022\/09\/2023_octon_20220911_140743-1024x768.jpg 1024w, https:\/\/wp.ladralha.fr\/wp-content\/uploads\/2022\/09\/2023_octon_20220911_140743-768x576.jpg 768w, https:\/\/wp.ladralha.fr\/wp-content\/uploads\/2022\/09\/2023_octon_20220911_140743-1536x1152.jpg 1536w, https:\/\/wp.ladralha.fr\/wp-content\/uploads\/2022\/09\/2023_octon_20220911_140743-2048x1536.jpg 2048w\" sizes=\"auto, (max-width: 300px) 100vw, 300px\" \/><figcaption id=\"caption-attachment-513\" class=\"wp-caption-text\">OLYMPUS DIGITAL CAMERA<\/figcaption><\/figure>\n<\/figure>\n<p><!-- \/wp:image --><\/p>\n<\/div>\n<p><!-- \/wp:column --><\/p>\n<\/div>\n<p><!-- \/wp:columns --><\/p>\n<p><!-- wp:paragraph --><\/p>\n<p>Pour entamer cette nouvelle saison, 22 adh\u00e9rents, anciens et nouveaux, avaient r\u00e9pondu pr\u00e9sents.<\/p>\n<p>Au d\u00e9part d\u2019Octon, l\u2019animateur a fait un rapide historique de ce village et a fait d\u00e9couvrir aux participants l\u2019\u00e9nigme concernant la date qui figure sur la fontaine du village. Puis un petit montadou nous a amen\u00e9s jusqu\u2019au ch\u00e2teau de Lauzieres o\u00f9 Alain a donn\u00e9 des explications sommaires sur l\u2019histoire de ce ch\u00e2teau et sur la long\u00e9vit\u00e9 de cette famille &#8220;De Lauzieres Themine&#8221;. Du IX\u00e8me au XIX\u00e8me si\u00e8cle.<\/p>\n<p>En cheminant \u00e0 travers les ch\u00eanes, nous sommes arriv\u00e9s \u00e0 la chapelle romane de Notre Dame de Roubignac datant du IX\u00e8me si\u00e8cle. Un petit historique sur la pr\u00e9sence de cette chapelle, des miracles et de la pr\u00e9sence des templiers fut fait.<\/p>\n<p>Apr\u00e8s un repas \u00e0 l\u2019ombre des ch\u00eanes, nous sommes repartis voir les Dolmens du Toucou et les menhirs o\u00f9 le fantasme de chacun a fait sensation. La descente sur Octon sous le soleil termina notre journ\u00e9e.<\/p>\n<p>Alain, l\u2019animateur de cette rando, vous remercie de votre participation et de la bonne ambiance lors de cette journ\u00e9e.<\/p>\n<p><!-- \/wp:paragraph --><\/p>\n<p><!-- wp:paragraph --><\/p>\n<p><!-- \/wp:paragraph --><\/p>\t\t\t\t\t<\/div>\n\t\t\t\t\t\t<\/div>\n\t\t\t\t<\/div>\n\t\t\t\t<div class=\"elementor-element elementor-element-551469b elementor-widget elementor-widget-text-editor\" data-id=\"551469b\" data-element_type=\"widget\" data-widget_type=\"text-editor.default\">\n\t\t\t\t<div class=\"elementor-widget-container\">\n\t\t\t\t\t\t\t\t<div class=\"elementor-text-editor elementor-clearfix\">\n\t\t\t\t\t\t\t\t\t<\/div>\n\t\t\t\t\t\t<\/div>\n\t\t\t\t<\/div>\n\t\t\t\t<div class=\"elementor-element elementor-element-9294ec6 elementor-widget elementor-widget-text-editor\" data-id=\"9294ec6\" data-element_type=\"widget\" data-widget_type=\"text-editor.default\">\n\t\t\t\t<div class=\"elementor-widget-container\">\n\t\t\t\t\t\t\t\t<div class=\"elementor-text-editor elementor-clearfix\">\n\t\t\t\t\t\t\t\t\t<\/div>\n\t\t\t\t\t\t<\/div>\n\t\t\t\t<\/div>\n\t\t\t\t<div class=\"elementor-element elementor-element-81faa34 elementor-widget elementor-widget-text-editor\" data-id=\"81faa34\" data-element_type=\"widget\" data-widget_type=\"text-editor.default\">\n\t\t\t\t<div class=\"elementor-widget-container\">\n\t\t\t\t\t\t\t\t<div class=\"elementor-text-editor elementor-clearfix\">\n\t\t\t\t\t\t\t\t\t<\/div>\n\t\t\t\t\t\t<\/div>\n\t\t\t\t<\/div>\n\t\t\t\t\t\t<\/div>\n\t\t\t\t\t<\/div>\n\t\t<\/div>\n\t\t\t\t\t\t\t\t<\/div>\n\t\t\t\t\t<\/div>\n\t\t<\/section>\n\t\t\t\t\t\t\t\t\t<\/div>\n\t\t\t<\/div>\n\t\t\t\t\t<\/div>\n\t\t","protected":false},"excerpt":{"rendered":"<p>\u00a0 \u00a0 \u00a0 \u00a0 Lieu : Octon Date : 11 septembre 2022 Responsable : Alain Benezet participants : 22 Pour entamer cette nouvelle saison, 22 adh\u00e9rents, anciens et nouveaux, avaient r\u00e9pondu pr\u00e9sents. Au d\u00e9part d\u2019Octon, l\u2019animateur a fait un rapide historique de ce village et a fait d\u00e9couvrir aux participants l\u2019\u00e9nigme concernant la date qui [&hellip;]<\/p>\n","protected":false},"author":1,"featured_media":0,"parent":0,"menu_order":0,"comment_status":"closed","ping_status":"closed","template":"","meta":{"_bbp_topic_count":0,"_bbp_reply_count":0,"_bbp_total_topic_count":0,"_bbp_total_reply_count":0,"_bbp_voice_count":0,"_bbp_anonymous_reply_count":0,"_bbp_topic_count_hidden":0,"_bbp_reply_count_hidden":0,"_bbp_forum_subforum_count":0,"footnotes":""},"class_list":["post-425","page","type-page","status-publish","hentry","entry"],"_links":{"self":[{"href":"https:\/\/wp.ladralha.fr\/index.php\/wp-json\/wp\/v2\/pages\/425","targetHints":{"allow":["GET"]}}],"collection":[{"href":"https:\/\/wp.ladralha.fr\/index.php\/wp-json\/wp\/v2\/pages"}],"about":[{"href":"https:\/\/wp.ladralha.fr\/index.php\/wp-json\/wp\/v2\/types\/page"}],"author":[{"embeddable":true,"href":"https:\/\/wp.ladralha.fr\/index.php\/wp-json\/wp\/v2\/users\/1"}],"replies":[{"embeddable":true,"href":"https:\/\/wp.ladralha.fr\/index.php\/wp-json\/wp\/v2\/comments?post=425"}],"version-history":[{"count":15,"href":"https:\/\/wp.ladralha.fr\/index.php\/wp-json\/wp\/v2\/pages\/425\/revisions"}],"predecessor-version":[{"id":516,"href":"https:\/\/wp.ladralha.fr\/index.php\/wp-json\/wp\/v2\/pages\/425\/revisions\/516"}],"wp:attachment":[{"href":"https:\/\/wp.ladralha.fr\/index.php\/wp-json\/wp\/v2\/media?parent=425"}],"curies":[{"name":"wp","href":"https:\/\/api.w.org\/{rel}","templated":true}]}}